{"id":36,"date":"2024-04-30T19:46:49","date_gmt":"2024-05-01T02:46:49","guid":{"rendered":"http:\/\/smartkidsuniversity.com\/?page_id=36"},"modified":"2026-02-10T02:05:05","modified_gmt":"2026-02-10T09:05:05","slug":"accessibility-statement","status":"publish","type":"page","link":"https:\/\/smartkidsuniversity.com\/es\/accessibility-statement\/","title":{"rendered":"Declaraci\u00f3n de accesibilidad"},"content":{"rendered":"<div data-elementor-type=\"wp-page\" data-elementor-id=\"36\" class=\"elementor elementor-36\" data-elementor-post-type=\"page\">\n\t\t\t\t<div class=\"elementor-element elementor-element-706f7b0 e-flex e-con-boxed e-con e-parent\" data-id=\"706f7b0\" data-element_type=\"container\" data-e-type=\"container\" data-settings=\"{&quot;background_background&quot;:&quot;classic&quot;}\">\n\t\t\t\t\t<div class=\"e-con-inner\">\n\t\t<div class=\"elementor-element elementor-element-bd9eccb e-con-full e-flex e-con e-child\" data-id=\"bd9eccb\" data-element_type=\"container\" data-e-type=\"container\">\n\t\t\t\t<div class=\"elementor-element elementor-element-6da35e1 elementor-widget elementor-widget-heading\" data-id=\"6da35e1\" data-element_type=\"widget\" data-e-type=\"widget\" data-widget_type=\"heading.default\">\n\t\t\t\t\t<h1 class=\"elementor-heading-title elementor-size-default\">Declaraci\u00f3n de accesibilidad<\/h1>\t\t\t\t<\/div>\n\t\t\t\t<\/div>\n\t\t<div class=\"elementor-element elementor-element-f629127 e-con-full e-flex e-con e-child\" data-id=\"f629127\" data-element_type=\"container\" data-e-type=\"container\">\n\t\t\t\t<\/div>\n\t\t\t\t\t<\/div>\n\t\t\t\t<\/div>\n\t\t<div class=\"elementor-element elementor-element-17dc7d0 e-flex e-con-boxed e-con e-parent\" data-id=\"17dc7d0\" data-element_type=\"container\" data-e-type=\"container\">\n\t\t\t\t\t<div class=\"e-con-inner\">\n\t\t\t\t<div class=\"elementor-element elementor-element-5da50cb elementor-widget elementor-widget-text-editor\" data-id=\"5da50cb\" data-element_type=\"widget\" data-e-type=\"widget\" data-widget_type=\"text-editor.default\">\n\t\t\t\t\t\t\t\t\t<p>El Instituto Smart Kids se compromete a hacer que su sitio web sea utilizable por todas las personas, incluidas aquellas con discapacidad, cumpliendo o superando los requisitos de las Pautas de Accesibilidad al Contenido en la Web 2.1 Nivel A\/AA (WCAG 2.1 A\/AA). Nos esforzamos para que nuestro sitio sea una experiencia igual para todos.<\/p><p>Seguimos supervisando nuestro sitio y asegur\u00e1ndonos de que todos los contenidos ofrecidos son accesibles para todos los visitantes. Para ayudarnos en este proceso, hemos contratado a The Bureau of Internet Accessibility (BoIA.org), una empresa consultora de accesibilidad, para que realice una auditor\u00eda completa de accesibilidad consistente en pruebas automatizadas y manuales de nuestro sitio web utilizando la plataforma A11Y\u00ae de BoIA, que nos proporciona recomendaciones espec\u00edficas que nos ayudar\u00e1n a garantizar que nuestra presencia en la web es conforme con las WCAG 2.1 A\/AA.<\/p><h2>Descargo de responsabilidad<\/h2><p>Es importante se\u00f1alar que los esfuerzos en el sitio web son continuos, ya que trabajamos para aplicar con el tiempo las mejoras pertinentes para cumplir las directrices WCAG 2.1 A\/AA.<\/p><h2>ASISTENCIA DE ACCESIBILIDAD EN DIRECTO 24 HORAS AL D\u00cdA, 7 D\u00cdAS A LA SEMANA<\/h2><p>Si tiene alg\u00fan problema al utilizar este sitio web, queremos ayudarle a conseguir lo que ha venido a hacer. Un agente est\u00e1 a su disposici\u00f3n para atender su llamada gratuita y ayudarle a resolver su problema. Llame a <a href=\"tel:+18326451479\">832-645-1479<\/a>\u00a0para hablar ahora.<\/p><p>Si prefiere enviar sus comentarios por correo electr\u00f3nico, escriba a\u00a0<a href=\"mailto:gerta.shema@smartkidsuniversity.com\">gerta.shema@smartkidsuniversity.com<\/a>\u00a0y aseg\u00farese de especificar la p\u00e1gina web para que podamos estudiar la posibilidad de hacerla accesible para usted. Agradecemos enormemente sus preguntas y comentarios.<\/p><h2>Aplicaciones de terceros<\/h2><p>Mientras visita nuestro sitio, observar\u00e1 que hacemos uso de sitios de terceros como Facebook, Twitter, Instagram, YouTube y Linkedin para proporcionar informaci\u00f3n sobre la Universidad Smart Kids. Aunque las personas pueden tener problemas para acceder a estos sitios en particular, Smart Kids University no controla ni remedia la forma en que se presenta el contenido.<\/p>\t\t\t\t\t\t\t\t<\/div>\n\t\t\t\t\t<\/div>\n\t\t\t\t<\/div>\n\t\t<div class=\"elementor-element elementor-element-47e21f2 e-flex e-con-boxed e-con e-parent\" data-id=\"47e21f2\" data-element_type=\"container\" data-e-type=\"container\" data-settings=\"{&quot;background_background&quot;:&quot;classic&quot;}\">\n\t\t\t\t\t<div class=\"e-con-inner\">\n\t\t\t\t<div class=\"elementor-element elementor-element-835e70f elementor-widget__width-initial elementor-widget-tablet__width-initial elementor-widget elementor-widget-heading\" data-id=\"835e70f\" data-element_type=\"widget\" data-e-type=\"widget\" data-widget_type=\"heading.default\">\n\t\t\t\t\t<h2 class=\"elementor-heading-title elementor-size-default\">EMPIECE A DAR A SU HIJO\nLA VENTAJA ACAD\u00c9MICA\nPARA COMPETIR EN EL MUNDO ACTUAL<\/h2>\t\t\t\t<\/div>\n\t\t\t\t<div class=\"elementor-element elementor-element-e791204 elementor-widget elementor-widget-heading\" data-id=\"e791204\" data-element_type=\"widget\" data-e-type=\"widget\" data-widget_type=\"heading.default\">\n\t\t\t\t\t<p class=\"elementor-heading-title elementor-size-default\">Inscr\u00edbase hoy mismo en el Instituto Smart Kids<\/p>\t\t\t\t<\/div>\n\t\t<div class=\"elementor-element elementor-element-d198316 e-flex e-con-boxed e-con e-child\" data-id=\"d198316\" data-element_type=\"container\" data-e-type=\"container\">\n\t\t\t\t\t<div class=\"e-con-inner\">\n\t\t\t\t<div class=\"elementor-element elementor-element-5729705 elementor-widget elementor-widget-global elementor-global-753 elementor-widget-button\" data-id=\"5729705\" data-element_type=\"widget\" data-e-type=\"widget\" data-widget_type=\"button.default\">\n\t\t\t\t\t\t\t\t\t\t<a class=\"elementor-button elementor-button-link elementor-size-sm\" href=\"#elementor-action%3Aaction%3Dpopup%3Aopen%26settings%3DeyJpZCI6IjEwMDI4IiwidG9nZ2xlIjpmYWxzZX0%3D\">\n\t\t\t\t\t\t<span class=\"elementor-button-content-wrapper\">\n\t\t\t\t\t\t\t\t\t<span class=\"elementor-button-text\">Enroll Now!<\/span>\n\t\t\t\t\t<\/span>\n\t\t\t\t\t<\/a>\n\t\t\t\t\t\t\t\t<\/div>\n\t\t\t\t\t<\/div>\n\t\t\t\t<\/div>\n\t\t\t\t\t<\/div>\n\t\t\t\t<\/div>\n\t\t\t\t<\/div>","protected":false},"excerpt":{"rendered":"<p>Accessibility Statement Smart Kids Institute is committed to making its website usable by all people, including those with disabilities by meeting or exceeding the requirements of the Web Content Accessibility Guidelines 2.1 Level A\/AA (WCAG 2.1 A\/AA). We strive to make our site an equal experience for everyone. We continue to monitor our site and [&hellip;]<\/p>\n","protected":false},"author":27,"featured_media":0,"parent":0,"menu_order":0,"comment_status":"closed","ping_status":"closed","template":"elementor_header_footer","meta":{"om_disable_all_campaigns":false,"_monsterinsights_skip_tracking":false,"_monsterinsights_sitenote_active":false,"_monsterinsights_sitenote_note":"","_monsterinsights_sitenote_category":0,"_uf_show_specific_survey":0,"_uf_disable_surveys":false,"two_page_speed":{"current_score":{"desktop_score":88,"desktop_tti":"1.3\u00a0","mobile_score":79,"mobile_tti":"5.6\u00a0","date":"10.02.2026 02:05:33 am","status":"completed"}},"footnotes":""},"class_list":["post-36","page","type-page","status-publish","hentry"],"aioseo_notices":[],"_links":{"self":[{"href":"https:\/\/smartkidsuniversity.com\/es\/wp-json\/wp\/v2\/pages\/36","targetHints":{"allow":["GET"]}}],"collection":[{"href":"https:\/\/smartkidsuniversity.com\/es\/wp-json\/wp\/v2\/pages"}],"about":[{"href":"https:\/\/smartkidsuniversity.com\/es\/wp-json\/wp\/v2\/types\/page"}],"author":[{"embeddable":true,"href":"https:\/\/smartkidsuniversity.com\/es\/wp-json\/wp\/v2\/users\/27"}],"replies":[{"embeddable":true,"href":"https:\/\/smartkidsuniversity.com\/es\/wp-json\/wp\/v2\/comments?post=36"}],"version-history":[{"count":1,"href":"https:\/\/smartkidsuniversity.com\/es\/wp-json\/wp\/v2\/pages\/36\/revisions"}],"predecessor-version":[{"id":9642,"href":"https:\/\/smartkidsuniversity.com\/es\/wp-json\/wp\/v2\/pages\/36\/revisions\/9642"}],"wp:attachment":[{"href":"https:\/\/smartkidsuniversity.com\/es\/wp-json\/wp\/v2\/media?parent=36"}],"curies":[{"name":"wp","href":"https:\/\/api.w.org\/{rel}","templated":true}]}}