{"id":34,"date":"2024-04-30T19:46:15","date_gmt":"2024-05-01T02:46:15","guid":{"rendered":"http:\/\/smartkidsuniversity.com\/?page_id=34"},"modified":"2026-02-10T04:12:25","modified_gmt":"2026-02-10T11:12:25","slug":"privacy-policy","status":"publish","type":"page","link":"https:\/\/smartkidsuniversity.com\/es\/privacy-policy\/","title":{"rendered":"Pol\u00edtica de privacidad"},"content":{"rendered":"<div data-elementor-type=\"wp-page\" data-elementor-id=\"34\" class=\"elementor elementor-34\" data-elementor-post-type=\"page\">\n\t\t\t\t<div class=\"elementor-element elementor-element-eb9ffd9 e-flex e-con-boxed e-con e-parent\" data-id=\"eb9ffd9\" data-element_type=\"container\" data-e-type=\"container\" data-settings=\"{&quot;background_background&quot;:&quot;classic&quot;}\">\n\t\t\t\t\t<div class=\"e-con-inner\">\n\t\t<div class=\"elementor-element elementor-element-8e59b3c e-con-full e-flex e-con e-child\" data-id=\"8e59b3c\" data-element_type=\"container\" data-e-type=\"container\">\n\t\t\t\t<div class=\"elementor-element elementor-element-bf2f55b elementor-widget elementor-widget-heading\" data-id=\"bf2f55b\" data-element_type=\"widget\" data-e-type=\"widget\" data-widget_type=\"heading.default\">\n\t\t\t\t\t<h1 class=\"elementor-heading-title elementor-size-default\">Pol\u00edtica de privacidad<\/h1>\t\t\t\t<\/div>\n\t\t\t\t<\/div>\n\t\t<div class=\"elementor-element elementor-element-3eebf86 e-con-full e-flex e-con e-child\" data-id=\"3eebf86\" data-element_type=\"container\" data-e-type=\"container\">\n\t\t\t\t<\/div>\n\t\t\t\t\t<\/div>\n\t\t\t\t<\/div>\n\t\t<div class=\"elementor-element elementor-element-e97d662 e-flex e-con-boxed e-con e-parent\" data-id=\"e97d662\" data-element_type=\"container\" data-e-type=\"container\">\n\t\t\t\t\t<div class=\"e-con-inner\">\n\t\t\t\t<div class=\"elementor-element elementor-element-68c976e elementor-widget elementor-widget-text-editor\" data-id=\"68c976e\" data-element_type=\"widget\" data-e-type=\"widget\" data-widget_type=\"text-editor.default\">\n\t\t\t\t\t\t\t\t\t<h2><strong>Pol\u00edtica de privacidad - Smart Kids Institute, LLC<\/strong><\/h2><p>En Smart Kids Institute, LLC (\"Smart Kids\", \"nosotros\" o \"nos\"), valoramos su privacidad y nos comprometemos a proteger su informaci\u00f3n personal y la privacidad de sus hijos. Esta Pol\u00edtica de Privacidad explica qu\u00e9 informaci\u00f3n recogemos, c\u00f3mo la utilizamos y sus derechos en relaci\u00f3n con estos datos. Al utilizar nuestros sitios web o inscribir a su hijo en un Centro Smart Kids, usted acepta las pr\u00e1cticas descritas en esta pol\u00edtica.<\/p><h3><strong>Informaci\u00f3n que recopilamos<\/strong><\/h3><h5><strong>Informaci\u00f3n sobre la inscripci\u00f3n<\/strong><\/h5><p>Cuando usted matricula a su hijo en un Smart Kids Center, recogemos informaci\u00f3n personal como su nombre, direcci\u00f3n, correo electr\u00f3nico y n\u00famero de tel\u00e9fono. Tambi\u00e9n recogemos informaci\u00f3n sobre el progreso de su hijo y sus materiales de estudio. La mayor\u00eda de nuestros centros est\u00e1n gestionados por franquiciados, que comparten estos datos con nosotros para ayudarnos a mejorar nuestros servicios.<\/p><h5><strong>Datos del sitio web<\/strong><\/h5><p>Cuando utiliza nuestro sitio web, podemos recopilar datos personales si solicita informaci\u00f3n o programa una evaluaci\u00f3n gratuita. Adem\u00e1s, recopilamos datos no personales como el tipo de navegador, las preferencias de idioma y la fecha y hora de su visita para el an\u00e1lisis del sitio web. Estos datos son an\u00f3nimos y no se utilizan para identificarle personalmente.<\/p><h5><strong>Portal de padres<\/strong><\/h5><p>Para acceder a nuestro Portal de padres, debe crear una cuenta y una contrase\u00f1a. Recopilamos datos personales como su nombre, direcci\u00f3n y correo electr\u00f3nico para crear la cuenta y permitir el acceso a los informes de progreso de su hijo.<\/p><h5><strong>Cookies<\/strong><\/h5><p>Utilizamos cookies para realizar un seguimiento de la actividad de los visitantes en nuestro sitio web. Las cookies nos ayudan a identificar a los visitantes que vuelven y a analizar el uso del sitio web. Si lo prefiere, puede ajustar la configuraci\u00f3n de su navegador para rechazar las cookies.<\/p><h4><strong>C\u00f3mo utilizamos la informaci\u00f3n personal<\/strong><\/h4><p>Utilizamos la informaci\u00f3n recopilada para diversos fines, entre ellos:<\/p><ul><li>Cumplimiento de nuestros servicios educativos.<\/li><li>Mejorar nuestros m\u00e9todos de ense\u00f1anza y materiales did\u00e1cticos.<\/li><li>Comunicarnos con usted por correo electr\u00f3nico, correo postal o tel\u00e9fono.<\/li><li>Prevenci\u00f3n del fraude u otras actividades il\u00edcitas.<\/li><li>Formaci\u00f3n de nuestro personal y franquiciados.<\/li><li>Garantizar el cumplimiento de los requisitos legales.<\/li><\/ul><p>No vendemos ni alquilamos sus datos personales. S\u00f3lo la compartimos con nuestros empleados, contratistas y franquiciados que necesitan los datos para mejorar los servicios. Tambi\u00e9n podemos revelar informaci\u00f3n a terceros por imperativo legal, como en respuesta a una orden judicial.<\/p><h5><strong>Privacidad infantil<\/strong><\/h5><p>Reconocemos la importancia de proteger la privacidad de los ni\u00f1os. S\u00f3lo recogemos la informaci\u00f3n necesaria para la inscripci\u00f3n y con fines educativos. No recopilamos intencionadamente datos de ni\u00f1os menores de 13 a\u00f1os, salvo cuando es necesario para sus necesidades educativas.<\/p><h4><strong>Sus derechos<\/strong><\/h4><p>Tienes derecho a:<\/p><ul><li>Acceder a la informaci\u00f3n personal que tenemos sobre usted o actualizarla.<\/li><li>Solicitar la supresi\u00f3n de su informaci\u00f3n personal o la de su hijo.<\/li><li>Darse de baja de las comunicaciones comerciales en cualquier momento.<\/li><li>Retirar cualquier consentimiento previamente otorgado.<\/li><\/ul><p>Para ejercer estos derechos, p\u00f3ngase en contacto con nosotros a trav\u00e9s de los datos que figuran a continuaci\u00f3n.<\/p><h4><strong>Derechos de los residentes en California<\/strong><\/h4><p>En virtud de la Ley de Privacidad del Consumidor de California (CCPA), los residentes en California tienen derechos espec\u00edficos, entre los que se incluyen:<\/p><ul><li>Acceso a la informaci\u00f3n personal recopilada.<\/li><li>Supresi\u00f3n de informaci\u00f3n personal.<\/li><li>Revelaci\u00f3n de si se vende informaci\u00f3n personal (no vendemos datos personales).<\/li><li>Exclusi\u00f3n voluntaria de la venta de informaci\u00f3n personal.<\/li><\/ul><p>No le discriminaremos por ejercer sus derechos en virtud de la CCPA.<\/p><h4><strong>Seguridad de los datos<\/strong><\/h4><p>Utilizamos salvaguardas administrativas, t\u00e9cnicas y f\u00edsicas para proteger su informaci\u00f3n personal. Aunque nos esforzamos por proteger sus datos, ning\u00fan m\u00e9todo de transmisi\u00f3n por Internet es totalmente seguro. No podemos garantizar una seguridad absoluta, pero tomaremos medidas comercialmente razonables para proteger sus datos.<\/p><h4><strong>Cambios en esta pol\u00edtica<\/strong><\/h4><p>Podemos actualizar esta Pol\u00edtica de Privacidad de vez en cuando. Cualquier cambio ser\u00e1 publicado en nuestro sitio web, y su uso continuado de nuestros servicios constituye la aceptaci\u00f3n de estos cambios.<\/p><h4><strong>Contacte con nosotros<\/strong><\/h4><p>Si tiene alguna pregunta o duda sobre esta Pol\u00edtica de Privacidad o desea ejercer sus derechos, p\u00f3ngase en contacto con nosotros:<\/p><p><strong>Instituto Smart Kids, LLC<\/strong><\/p><p>832-645-1479<\/p>\t\t\t\t\t\t\t\t<\/div>\n\t\t\t\t\t<\/div>\n\t\t\t\t<\/div>\n\t\t<div class=\"elementor-element elementor-element-7b676fd e-flex e-con-boxed e-con e-parent\" data-id=\"7b676fd\" data-element_type=\"container\" data-e-type=\"container\" data-settings=\"{&quot;background_background&quot;:&quot;classic&quot;}\">\n\t\t\t\t\t<div class=\"e-con-inner\">\n\t\t\t\t<div class=\"elementor-element elementor-element-f1d7271 elementor-widget__width-initial elementor-widget-tablet__width-initial elementor-widget elementor-widget-heading\" data-id=\"f1d7271\" data-element_type=\"widget\" data-e-type=\"widget\" data-widget_type=\"heading.default\">\n\t\t\t\t\t<h2 class=\"elementor-heading-title elementor-size-default\">EMPIECE A DAR A SU HIJO\nLA VENTAJA ACAD\u00c9MICA\nPARA COMPETIR EN EL MUNDO ACTUAL<\/h2>\t\t\t\t<\/div>\n\t\t\t\t<div class=\"elementor-element elementor-element-a6f1185 elementor-widget elementor-widget-heading\" data-id=\"a6f1185\" data-element_type=\"widget\" data-e-type=\"widget\" data-widget_type=\"heading.default\">\n\t\t\t\t\t<p class=\"elementor-heading-title elementor-size-default\">Inscr\u00edbase hoy mismo en el Instituto Smart Kids<\/p>\t\t\t\t<\/div>\n\t\t<div class=\"elementor-element elementor-element-c4dc5a0 e-flex e-con-boxed e-con e-child\" data-id=\"c4dc5a0\" data-element_type=\"container\" data-e-type=\"container\">\n\t\t\t\t\t<div class=\"e-con-inner\">\n\t\t\t\t<div class=\"elementor-element elementor-element-fd4bd05 elementor-widget elementor-widget-button\" data-id=\"fd4bd05\" data-element_type=\"widget\" data-e-type=\"widget\" data-widget_type=\"button.default\">\n\t\t\t\t\t\t\t\t\t\t<a class=\"elementor-button elementor-button-link elementor-size-sm\" href=\"tel:+18326451479\">\n\t\t\t\t\t\t<span class=\"elementor-button-content-wrapper\">\n\t\t\t\t\t\t\t\t\t<span class=\"elementor-button-text\">RESERVE UNA EVALUACI\u00d3N GRATUITA<\/span>\n\t\t\t\t\t<\/span>\n\t\t\t\t\t<\/a>\n\t\t\t\t\t\t\t\t<\/div>\n\t\t\t\t<div class=\"elementor-element elementor-element-960b6b5 elementor-widget elementor-widget-button\" data-id=\"960b6b5\" data-element_type=\"widget\" data-e-type=\"widget\" data-widget_type=\"button.default\">\n\t\t\t\t\t\t\t\t\t\t<a class=\"elementor-button elementor-button-link elementor-size-sm\" href=\"https:\/\/maps.app.goo.gl\/NMcjC7MJANoduX8aA\" target=\"_blank\">\n\t\t\t\t\t\t<span class=\"elementor-button-content-wrapper\">\n\t\t\t\t\t\t\t\t\t<span class=\"elementor-button-text\">ENCUENTRA TU CENTRO M\u00c1S CERCANO<\/span>\n\t\t\t\t\t<\/span>\n\t\t\t\t\t<\/a>\n\t\t\t\t\t\t\t\t<\/div>\n\t\t\t\t\t<\/div>\n\t\t\t\t<\/div>\n\t\t\t\t\t<\/div>\n\t\t\t\t<\/div>\n\t\t\t\t<\/div>","protected":false},"excerpt":{"rendered":"<p>Privacy Policy Privacy Policy \u2013 Smart Kids Institute, LLC At Smart Kids Institute, LLC (\u201cSmart Kids,\u201d \u201cwe,\u201d or \u201cus\u201d), we value your privacy and are committed to protecting your personal information and the privacy of your children. This Privacy Policy explains what information we collect, how we use it, and your rights regarding this data. [&hellip;]<\/p>\n","protected":false},"author":27,"featured_media":0,"parent":0,"menu_order":0,"comment_status":"closed","ping_status":"closed","template":"elementor_header_footer","meta":{"om_disable_all_campaigns":false,"_monsterinsights_skip_tracking":false,"_monsterinsights_sitenote_active":false,"_monsterinsights_sitenote_note":"","_monsterinsights_sitenote_category":0,"_uf_show_specific_survey":0,"_uf_disable_surveys":false,"two_page_speed":{"current_score":{"desktop_score":91,"desktop_tti":"1.3\u00a0","mobile_score":62,"mobile_tti":"6.1\u00a0","date":"25.01.2026 03:51:20 pm","status":"error_no_score"}},"footnotes":""},"class_list":["post-34","page","type-page","status-publish","hentry"],"aioseo_notices":[],"_links":{"self":[{"href":"https:\/\/smartkidsuniversity.com\/es\/wp-json\/wp\/v2\/pages\/34","targetHints":{"allow":["GET"]}}],"collection":[{"href":"https:\/\/smartkidsuniversity.com\/es\/wp-json\/wp\/v2\/pages"}],"about":[{"href":"https:\/\/smartkidsuniversity.com\/es\/wp-json\/wp\/v2\/types\/page"}],"author":[{"embeddable":true,"href":"https:\/\/smartkidsuniversity.com\/es\/wp-json\/wp\/v2\/users\/27"}],"replies":[{"embeddable":true,"href":"https:\/\/smartkidsuniversity.com\/es\/wp-json\/wp\/v2\/comments?post=34"}],"version-history":[{"count":1,"href":"https:\/\/smartkidsuniversity.com\/es\/wp-json\/wp\/v2\/pages\/34\/revisions"}],"predecessor-version":[{"id":9616,"href":"https:\/\/smartkidsuniversity.com\/es\/wp-json\/wp\/v2\/pages\/34\/revisions\/9616"}],"wp:attachment":[{"href":"https:\/\/smartkidsuniversity.com\/es\/wp-json\/wp\/v2\/media?parent=34"}],"curies":[{"name":"wp","href":"https:\/\/api.w.org\/{rel}","templated":true}]}}